{"id":43,"date":"2014-01-02T01:54:55","date_gmt":"2014-01-02T01:54:55","guid":{"rendered":"http:\/\/corptaxcare.com\/?page_id=43"},"modified":"2014-01-02T02:06:55","modified_gmt":"2014-01-02T02:06:55","slug":"programa-de-salud-usted-y-el-irs-ask-morel-cpa-about-obamacare","status":"publish","type":"page","link":"https:\/\/corptaxcare.com\/?page_id=43","title":{"rendered":"Programa de Salud, Usted y el IRS  Ask Morel CPA about Obamacare"},"content":{"rendered":"<p align=\"CENTER\"><a href=\"https:\/\/i0.wp.com\/corptaxcare.com\/wp-content\/uploads\/2014\/01\/UNCLE-SAME-MEDICARE.jpg\"><img data-recalc-dims=\"1\" loading=\"lazy\" decoding=\"async\" data-attachment-id=\"44\" data-permalink=\"https:\/\/corptaxcare.com\/?attachment_id=44\" data-orig-file=\"https:\/\/i0.wp.com\/corptaxcare.com\/wp-content\/uploads\/2014\/01\/UNCLE-SAME-MEDICARE.jpg?fit=227%2C222&amp;ssl=1\" data-orig-size=\"227,222\" data-comments-opened=\"1\" data-image-meta=\"{&quot;aperture&quot;:&quot;0&quot;,&quot;credit&quot;:&quot;&quot;,&quot;camera&quot;:&quot;&quot;,&quot;caption&quot;:&quot;&quot;,&quot;created_timestamp&quot;:&quot;0&quot;,&quot;copyright&quot;:&quot;&quot;,&quot;focal_length&quot;:&quot;0&quot;,&quot;iso&quot;:&quot;0&quot;,&quot;shutter_speed&quot;:&quot;0&quot;,&quot;title&quot;:&quot;&quot;}\" data-image-title=\"UNCLE SAME MEDICARE\" data-image-description=\"\" data-image-caption=\"\" data-medium-file=\"https:\/\/i0.wp.com\/corptaxcare.com\/wp-content\/uploads\/2014\/01\/UNCLE-SAME-MEDICARE.jpg?fit=227%2C222&amp;ssl=1\" data-large-file=\"https:\/\/i0.wp.com\/corptaxcare.com\/wp-content\/uploads\/2014\/01\/UNCLE-SAME-MEDICARE.jpg?fit=227%2C222&amp;ssl=1\" class=\"alignnone size-full wp-image-44\" alt=\"UNCLE SAME MEDICARE\" src=\"https:\/\/i0.wp.com\/corptaxcare.com\/wp-content\/uploads\/2014\/01\/UNCLE-SAME-MEDICARE.jpg?resize=227%2C222\" width=\"227\" height=\"222\" \/><\/a>\u00a0<a href=\"https:\/\/i0.wp.com\/corptaxcare.com\/wp-content\/uploads\/2014\/01\/RAFAEL-MOREL-CPA-PA-TAX-REDUCTION-PLANNING.jpg\"><img data-recalc-dims=\"1\" loading=\"lazy\" decoding=\"async\" data-attachment-id=\"45\" data-permalink=\"https:\/\/corptaxcare.com\/?attachment_id=45\" data-orig-file=\"https:\/\/i0.wp.com\/corptaxcare.com\/wp-content\/uploads\/2014\/01\/RAFAEL-MOREL-CPA-PA-TAX-REDUCTION-PLANNING.jpg?fit=960%2C742&amp;ssl=1\" data-orig-size=\"960,742\" data-comments-opened=\"1\" data-image-meta=\"{&quot;aperture&quot;:&quot;0&quot;,&quot;credit&quot;:&quot;&quot;,&quot;camera&quot;:&quot;&quot;,&quot;caption&quot;:&quot;&quot;,&quot;created_timestamp&quot;:&quot;0&quot;,&quot;copyright&quot;:&quot;&quot;,&quot;focal_length&quot;:&quot;0&quot;,&quot;iso&quot;:&quot;0&quot;,&quot;shutter_speed&quot;:&quot;0&quot;,&quot;title&quot;:&quot;&quot;}\" data-image-title=\"RAFAEL MOREL CPA PA TAX REDUCTION PLANNING\" data-image-description=\"\" data-image-caption=\"\" data-medium-file=\"https:\/\/i0.wp.com\/corptaxcare.com\/wp-content\/uploads\/2014\/01\/RAFAEL-MOREL-CPA-PA-TAX-REDUCTION-PLANNING.jpg?fit=300%2C231&amp;ssl=1\" data-large-file=\"https:\/\/i0.wp.com\/corptaxcare.com\/wp-content\/uploads\/2014\/01\/RAFAEL-MOREL-CPA-PA-TAX-REDUCTION-PLANNING.jpg?fit=620%2C479&amp;ssl=1\" class=\"alignnone  wp-image-45\" alt=\"RAFAEL MOREL CPA PA TAX REDUCTION PLANNING\" src=\"https:\/\/i0.wp.com\/corptaxcare.com\/wp-content\/uploads\/2014\/01\/RAFAEL-MOREL-CPA-PA-TAX-REDUCTION-PLANNING.jpg?resize=346%2C267\" width=\"346\" height=\"267\" srcset=\"https:\/\/i0.wp.com\/corptaxcare.com\/wp-content\/uploads\/2014\/01\/RAFAEL-MOREL-CPA-PA-TAX-REDUCTION-PLANNING.jpg?w=960&amp;ssl=1 960w, https:\/\/i0.wp.com\/corptaxcare.com\/wp-content\/uploads\/2014\/01\/RAFAEL-MOREL-CPA-PA-TAX-REDUCTION-PLANNING.jpg?resize=300%2C231&amp;ssl=1 300w\" sizes=\"auto, (max-width: 346px) 100vw, 346px\" \/><\/a><\/p>\n<p align=\"CENTER\"><span style=\"font-size: x-large;\">Programa de Salud, Usted y el IRS<\/span><\/p>\n<p align=\"CENTER\"><span style=\"font-size: x-large;\">Ask Morel CPA about Obamacare <\/span><\/p>\n<p align=\"CENTER\">por Rafael Morel CPA; 786 252 2161<\/p>\n<p align=\"CENTER\">\n<p align=\"CENTER\"><a href=\"http:\/\/m.corptaxcare.com\/\">http:\/\/m.cpataxcare.com\/<\/a><\/p>\n<p align=\"CENTER\"><a href=\"http:\/\/m.corptaxcare.com\/\">http:\/\/m.corptaxcare.com\/<\/a><\/p>\n<p align=\"CENTER\"><a href=\"http:\/\/www.cpataxmoney.com\/\">http:\/\/www.cpataxmoney.com<\/a>\/<\/p>\n<p>&nbsp;<\/p>\n<p>&nbsp;<\/p>\n<p lang=\"es-ES\">El nuevo programa de salud que empieza en Enero primero del 2014 presenta cambios y novedades:<\/p>\n<p lang=\"es-ES\">.A) La cobertura del seguro de salud empieza en enero primero del 2013 para los que lograron comprar un plan antes de diciembre 24 del 2013.<\/p>\n<p lang=\"es-ES\">B) Los dem\u00e1s tienen hasta marzo 31 para ingresar al plan de salud de USA. De no hacerlo tendr\u00e1n que pagar una multa de $95.00 o el 1 por ciento del ingreso, la que sea mayor. Sera pagadero en el income tax del a\u00f1o 2014 pagadero antes de abril 15 del 2015.<\/p>\n<p lang=\"es-ES\">C) Habr\u00e1 ayuda del gobierno federal para pagar el seguro, de acuerdo a los ingresos.<\/p>\n<p lang=\"es-ES\">Por ejemplo una pareja de adultos de 35 a\u00f1os en Miami-Dade pagar\u00eda aproximadamente $6,462.00 en un plan plata. De esta cantidad el Gobierno Federal en su federal income tax del 2014 le dar\u00e1 un cr\u00e9dito de aproximado de $3,943. La suma a pagar por los asegurados seria de $2,519.00.<\/p>\n<p lang=\"es-ES\">Si la pareja gana $70,000.00 el costo promedio del seguro seria de aproximado de $6,462.00. El cr\u00e9dito del Gobierno Federal en su federal income tax del 2014 seria de cero (0).<\/p>\n<p lang=\"es-ES\">D) Las condiciones pre-existentes estar\u00e1n cubiertas y limites a beneficios est\u00e1n prohibidos.<\/p>\n<p lang=\"es-ES\">E) Algunos grupos como los immigrantes ilegales, algunos miembros de tribu india y grupos en situaciones calamitosas, como bancarrota, violencia dom<span style=\"font-family: 'Times New Roman', serif;\">\u00e9<\/span>stica y desempleado est\u00e1n excluidos del programa de salud.<\/p>\n<p lang=\"es-ES\">\u00a0F) La penalidad por no participar en el plan es de $95.00 o 1 % del income de la persona no asegurada, cual sea mayor. Esta cantidad sera pagada en su federal income tax del 2014.<\/p>\n<p lang=\"es-ES\">\u00a0G) Un impuesto indirecto de un aproximado de 2.5 por ciento de la prima del seguro m<span style=\"font-family: 'Times New Roman', serif;\">\u00e9<\/span>dico. Esa cantidad seria pasada al costo de la prima del seguro, el cual seria pagado por los asegurados.<\/p>\n<p lang=\"es-ES\">H) Todo seguro m<span style=\"font-family: 'Times New Roman', serif;\">\u00e9<\/span>dico tendr<span style=\"font-family: 'Times New Roman', serif;\">\u00e1<\/span> un standard de protection m<span style=\"font-family: 'Times New Roman', serif;\">\u00ed<\/span>nima, incluyendo cuidadado preventivo y<\/p>\n<p lang=\"es-ES\">otros servicios.<\/p>\n<p lang=\"es-ES\">Para mas informaci<span style=\"font-family: 'Times New Roman', serif;\">\u00f3<\/span>n sobre Obamacare, el IRS y su income tax del 2014 llame a Rafael Morel CPA MBA al 786 252 -2161. La primera consulta inicial es GRATIS.<\/p>\n<p lang=\"es-ES\">Le mostramos como planear reducir su impuestos, preparamos su federal income tax y resolvemos sus probemas de income tax federal con el IRS. Llame a Rafael Morel CPA MBA La primera consulta inicial es GRATIS.<\/p>\n","protected":false},"excerpt":{"rendered":"<p>\u00a0 Programa de Salud, Usted y el IRS Ask Morel CPA about Obamacare por Rafael Morel CPA; 786 252 2161 http:\/\/m.cpataxcare.com\/ http:\/\/m.corptaxcare.com\/ http:\/\/www.cpataxmoney.com\/ &nbsp; &nbsp; El nuevo programa de salud que empieza en Enero primero del 2014 presenta cambios y novedades: .A) La cobertura del seguro de salud empieza en enero primero del 2013 para [&hellip;]<\/p>\n","protected":false},"author":1,"featured_media":0,"parent":0,"menu_order":0,"comment_status":"open","ping_status":"open","template":"","meta":{"jetpack_post_was_ever_published":false,"footnotes":""},"class_list":["post-43","page","type-page","status-publish","hentry","entry"],"aioseo_notices":[],"jetpack_sharing_enabled":true,"jetpack_shortlink":"https:\/\/wp.me\/P6SaUp-H","jetpack-related-posts":[],"_links":{"self":[{"href":"https:\/\/corptaxcare.com\/index.php?rest_route=\/wp\/v2\/pages\/43","targetHints":{"allow":["GET"]}}],"collection":[{"href":"https:\/\/corptaxcare.com\/index.php?rest_route=\/wp\/v2\/pages"}],"about":[{"href":"https:\/\/corptaxcare.com\/index.php?rest_route=\/wp\/v2\/types\/page"}],"author":[{"embeddable":true,"href":"https:\/\/corptaxcare.com\/index.php?rest_route=\/wp\/v2\/users\/1"}],"replies":[{"embeddable":true,"href":"https:\/\/corptaxcare.com\/index.php?rest_route=%2Fwp%2Fv2%2Fcomments&post=43"}],"version-history":[{"count":7,"href":"https:\/\/corptaxcare.com\/index.php?rest_route=\/wp\/v2\/pages\/43\/revisions"}],"predecessor-version":[{"id":55,"href":"https:\/\/corptaxcare.com\/index.php?rest_route=\/wp\/v2\/pages\/43\/revisions\/55"}],"wp:attachment":[{"href":"https:\/\/corptaxcare.com\/index.php?rest_route=%2Fwp%2Fv2%2Fmedia&parent=43"}],"curies":[{"name":"wp","href":"https:\/\/api.w.org\/{rel}","templated":true}]}}