{"id":4,"date":"2011-06-09T13:10:23","date_gmt":"2011-06-09T13:10:23","guid":{"rendered":"http:\/\/corptaxcare.com\/?page_id=4"},"modified":"2015-10-23T15:51:11","modified_gmt":"2015-10-23T15:51:11","slug":"contador-cpa-income-tax-miami-florida-dominican-republic-and-puerto-rico","status":"publish","type":"page","link":"https:\/\/corptaxcare.com\/","title":{"rendered":"CONTADOR CPA INCOME TAX MIAMI, FLORIDA, DOMINICAN REPUBLIC AND PUERTO RICO"},"content":{"rendered":"<div>\n<h3>USTED Y EL IRS CUANDO SU INCOME TAX ES AUDITADO<\/h3>\n<p>USTED Y EL IRS CUANDO SU INCOME TAX ES AUDITADO<\/p>\n<p>(Your and the IRS when your income tax return is audited)<\/p>\n<p>Rafael Morel CPA MBA, m\u00e1s de 20 a\u00f1os de experiencia en taxes en Miami, Florida, le puede ayudar en todo el proceso de su Auditor\u00eda. Llame al 786 252 2161 para una primera consulta gratis.<\/p>\n<p>Al recibir noticia\u00a0 del IRS sobre una auditor\u00eda de su negocio no entre en p\u00e1nico y solamente\u00a0 hable con el auditor del IRS para referirlo a su profesional de impuesto certificado y empiece a organizar sus libros y documentos.\u00a0 (Contador P\u00fablico Certificado, Abogado\u00a0 con pr\u00e1ctica con el IRS y Agente enrolado para pr\u00e1ctica entre el IRS). Su elecci\u00f3n\u00a0 se debe al\u00a0 computador del IRS, estudio del IRS de\u00a0 la industria de su negocio o tal vez su competencia o un desempleado disgustado.<\/p>\n<p>Algunas razones para ser\u00a0 seleccionado son:<\/p>\n<p>\u00b7\u00a0\u00a0\u00a0\u00a0\u00a0\u00a0\u00a0 Margen de ganancia peque\u00f1o<\/p>\n<p>\u00b7\u00a0\u00a0\u00a0\u00a0\u00a0\u00a0\u00a0 Gastos de autom\u00f3viles elevado<\/p>\n<p>\u00b7\u00a0\u00a0\u00a0\u00a0\u00a0\u00a0\u00a0 Gastos altos de viajes y entretenimiento<\/p>\n<p>\u00b7\u00a0\u00a0\u00a0\u00a0\u00a0\u00a0\u00a0 Poca ganancia o p\u00e9rdida en las operaciones<\/p>\n<p>\u00b7\u00a0\u00a0\u00a0\u00a0\u00a0\u00a0\u00a0 Gastos de intereses<\/p>\n<p>\u00b7\u00a0\u00a0\u00a0\u00a0\u00a0\u00a0\u00a0 Relaci\u00f3n con otro contribuyente en auditor\u00eda<\/p>\n<p>El IRS lo puede auditar de varias formas;<\/p>\n<p>Auditor\u00eda por correspondencias (Correspondence audit.).\u00a0 El IRS le\u00a0 pedir\u00e1 copia de cheques cancelados, recibos de ingresos para verificar gastos e ingresos en su income tax.<\/p>\n<p>Auditor\u00eda en la oficina de IRS (IRS Office Audit). Una carta del IRS le llega por correo y se le pide que documentos seleccionados sean llevados a la oficina del IRS por Usted o su representante Certificado a representarlo ante el IRS.<\/p>\n<p>Auditor\u00eda en la oficina del cliente\u00a0 (IRS Field Audit).\u00a0 Un agente del IRS lo llamar\u00e1 y le informar\u00e1 que su income tax ha sido seleccionado para auditor\u00eda.\u00a0 En esta clase de auditor\u00eda, el IRS desea adem\u00e1s de la verificaci\u00f3n de la documentaci\u00f3n entrevistar los oficiales del negocio; visitar el negocio y determinar donde la informaci\u00f3n est\u00e1 guardada.\u00a0 Es para beneficio del contribuyente estar representado por un profesional en este tipo de auditor\u00eda.<\/p>\n<p>Su representante profesional le ayudar\u00e1 a reducir su exposici\u00f3n en \u00e1reas vulnerables de su empresa donde las partidas y deducciones son m\u00e1s cuestionables.\u00a0 Una de la forma de ayudar al cliente auditado es conversar con el IRS\u00a0 para\u00a0 aumentar\u00a0 el monto de la partida a auditar, es decir en lugar de buscar \u00edtem sobre 50 d\u00f3lares, solamente buscar \u00edtem sobre 500 d\u00f3lares.\u00a0 Tambi\u00e9n limitar la auditor\u00eda solamente a los per\u00edodos\u00a0 inicialmente indicados.<\/p>\n<p>Tambi\u00e9n existe la auditor\u00eda de cumplimiento (Taxpayer Compliance Measurement Program Audit)\u00a0 cuyo prop\u00f3sito es actualizar la informaci\u00f3n del IRS en \u00e1rea de su inter\u00e9s. En esta auditor\u00eda todas las partidas deben estar respaldadas por documentaci\u00f3n verificable.<\/p>\n<p>En una auditor\u00eda regular Usted debe buscar los cheques, facturas, contratos, estados de bancos, etc. del rengl\u00f3n que el IRS desea auditar.\u00a0 En una auditor\u00eda de cumpliendo Usted debe proveer informaci\u00f3n de toda la partida en su income tax.<\/p>\n<p>Rafael Morel CPA MBA, m\u00e1s de 20 a\u00f1os de experiencia en taxes en Miami, Florida, le puede ayudar en todo el proceso de su Auditor\u00eda. No importa la auditor\u00eda que a Usted le toque, mantenga la calma y organ\u00edcese.\u00a0 Proveerle informaci\u00f3n organizada es ventaja para Usted pues limita su exposici\u00f3n al IRS y puede hacer reducir el alcance de la auditor\u00eda del IRS.<\/p>\n<p>Tiempo es la esencia (IRS Timely Response) Responda a tiempo la correspondencia del IRS, esto le indicar\u00e1 al IRS que\u00a0 Usted no tiene nada que ocultar.<\/p>\n<p>Usted h\u00e1gase representar por un profesional certificado (Contador P\u00fablico Certificado, Abogado que practique ante el IRS o agente enrolado para practicar ante el IRS).\u00a0 De lo contrario le sugerimos lo siguiente:<\/p>\n<p>\u00b7\u00a0\u00a0\u00a0\u00a0\u00a0\u00a0\u00a0 Este organizado<\/p>\n<p>\u00b7\u00a0\u00a0\u00a0\u00a0\u00a0\u00a0\u00a0 Sumin\u00edstrele al IRS solamente los documentos necesitados de las deducciones cuestionadas.<\/p>\n<p>\u00b7\u00a0\u00a0\u00a0\u00a0\u00a0\u00a0\u00a0 Solamente entregue\u00a0 al IRS la informaci\u00f3n solicitada.<\/p>\n<p>\u00b7\u00a0\u00a0\u00a0\u00a0\u00a0\u00a0\u00a0 Responda las preguntas con honestidad pero breve.<\/p>\n<p>\u00b7\u00a0\u00a0\u00a0\u00a0\u00a0\u00a0\u00a0 Solo entregue copia de los documentos, guarde los originales.<\/p>\n<p>\u00b7\u00a0\u00a0\u00a0\u00a0\u00a0\u00a0\u00a0 El IRS no est\u00e1 para socializar.\u00a0 En toda conversaci\u00f3n Usted le dar\u00e1 m\u00e1s informaci\u00f3n.<\/p>\n<p>\u00b7\u00a0\u00a0\u00a0\u00a0\u00a0\u00a0\u00a0 Mantenga la calma; nunca sea porfiador o combativo.<\/p>\n<p>\u00b7\u00a0\u00a0\u00a0\u00a0\u00a0\u00a0\u00a0 P\u00eddale copia de informaci\u00f3n en el file del IRS y documentos que usted firme.<\/p>\n<p>Siempre espere que un profesional (Contador P\u00fablico Certificado, Abogado con pr\u00e1ctica antes el IRS o agente enrolado para practicar en el IRS) estudie todo documento del IRS antes de Usted firmarlo.\u00a0 Llame al 786 252 2161,\u00a0 a Rafael Morel CPA MBA, m\u00e1s de 20 a\u00f1os de experiencia en taxes en Miami, Florida, le puede ayudar en todo el proceso de su Auditor\u00eda.<\/p>\n<h5><strong>Keywords:<\/strong> irs oferta auditoria contador miami<\/h5>\n<h3 class=\"cff-header cff-outside\" ><i class=\"fa fa-facebook-square\" style=\"color: #; font-size: 28px;\"><\/i><span class=\"cff-header-text\" style=\"height: 28px;\">Facebook Posts<\/span><\/h3><div class=\"cff-wrapper\"><div id=\"cff\" data-char=\"400\" class=\"  cff-lb\"  data-fb-text=\"View on Facebook\"><div class=\"cff-error-msg\"><p>Unable to display Facebook posts <br \/><a href=\"javascript:void(0);\" id=\"cff-show-error\" onclick=\"cffShowError()\">Show Error Message<\/a><\/p><script type=\"text\/javascript\">function cffShowError() { document.getElementById(\"cff-error-reason\").style.display = \"block\"; document.getElementById(\"cff-show-error\").style.display = \"none\"; }<\/script><\/p><div id=\"cff-error-reason\">Error: Error validating application. Application has been deleted.<br \/>Type: OAuthException<br \/>Code: 190<br \/>Please refer to our <a href=\"https:\/\/smashballoon.com\/custom-facebook-feed\/docs\/errors\/\" target=\"_blank\">Error Message Reference<\/a> for a solution.<\/div><\/div><\/div><\/div>\n<\/div>\n","protected":false},"excerpt":{"rendered":"<p>USTED Y EL IRS CUANDO SU INCOME TAX ES AUDITADO USTED Y EL IRS CUANDO SU INCOME TAX ES AUDITADO (Your and the IRS when your income tax return is audited) Rafael Morel CPA MBA, m\u00e1s de 20 a\u00f1os de experiencia en taxes en Miami, Florida, le puede ayudar en todo el proceso de su [&hellip;]<\/p>\n","protected":false},"author":1,"featured_media":0,"parent":0,"menu_order":0,"comment_status":"open","ping_status":"open","template":"","meta":{"jetpack_post_was_ever_published":false,"footnotes":""},"class_list":["post-4","page","type-page","status-publish","hentry","entry"],"aioseo_notices":[],"jetpack_sharing_enabled":true,"jetpack_shortlink":"https:\/\/wp.me\/P6SaUp-4","jetpack-related-posts":[],"_links":{"self":[{"href":"https:\/\/corptaxcare.com\/index.php?rest_route=\/wp\/v2\/pages\/4","targetHints":{"allow":["GET"]}}],"collection":[{"href":"https:\/\/corptaxcare.com\/index.php?rest_route=\/wp\/v2\/pages"}],"about":[{"href":"https:\/\/corptaxcare.com\/index.php?rest_route=\/wp\/v2\/types\/page"}],"author":[{"embeddable":true,"href":"https:\/\/corptaxcare.com\/index.php?rest_route=\/wp\/v2\/users\/1"}],"replies":[{"embeddable":true,"href":"https:\/\/corptaxcare.com\/index.php?rest_route=%2Fwp%2Fv2%2Fcomments&post=4"}],"version-history":[{"count":3,"href":"https:\/\/corptaxcare.com\/index.php?rest_route=\/wp\/v2\/pages\/4\/revisions"}],"predecessor-version":[{"id":72,"href":"https:\/\/corptaxcare.com\/index.php?rest_route=\/wp\/v2\/pages\/4\/revisions\/72"}],"wp:attachment":[{"href":"https:\/\/corptaxcare.com\/index.php?rest_route=%2Fwp%2Fv2%2Fmedia&parent=4"}],"curies":[{"name":"wp","href":"https:\/\/api.w.org\/{rel}","templated":true}]}}