{"id":31,"date":"2013-09-02T18:49:28","date_gmt":"2013-09-02T18:49:28","guid":{"rendered":"http:\/\/corptaxcare.com\/?page_id=31"},"modified":"2014-02-01T22:14:40","modified_gmt":"2014-02-01T22:14:40","slug":"2013-2014-usa-cambio-impuestos-corporativos","status":"publish","type":"page","link":"https:\/\/corptaxcare.com\/?page_id=31","title":{"rendered":"2013-2014 USA,  CAMBIO IMPUESTOS CORPORATIVOS"},"content":{"rendered":"<p align=\"center\">\u00a0<a href=\"http:\/\/corptaxcare.com\/?attachment_id=33\" rel=\"attachment wp-att-33\"><img data-recalc-dims=\"1\" loading=\"lazy\" decoding=\"async\" data-attachment-id=\"33\" data-permalink=\"https:\/\/corptaxcare.com\/?attachment_id=33\" data-orig-file=\"https:\/\/i0.wp.com\/corptaxcare.com\/wp-content\/uploads\/2013\/09\/TAX-INCREASE-IMAGE.jpg?fit=533%2C662&amp;ssl=1\" data-orig-size=\"533,662\" data-comments-opened=\"1\" data-image-meta=\"{&quot;aperture&quot;:&quot;0&quot;,&quot;credit&quot;:&quot;&quot;,&quot;camera&quot;:&quot;&quot;,&quot;caption&quot;:&quot;&quot;,&quot;created_timestamp&quot;:&quot;0&quot;,&quot;copyright&quot;:&quot;&quot;,&quot;focal_length&quot;:&quot;0&quot;,&quot;iso&quot;:&quot;0&quot;,&quot;shutter_speed&quot;:&quot;0&quot;,&quot;title&quot;:&quot;&quot;}\" data-image-title=\"TAX INCREASE \" data-image-description=\"\" data-image-caption=\"\" data-medium-file=\"https:\/\/i0.wp.com\/corptaxcare.com\/wp-content\/uploads\/2013\/09\/TAX-INCREASE-IMAGE.jpg?fit=241%2C300&amp;ssl=1\" data-large-file=\"https:\/\/i0.wp.com\/corptaxcare.com\/wp-content\/uploads\/2013\/09\/TAX-INCREASE-IMAGE.jpg?fit=533%2C662&amp;ssl=1\" class=\"alignnone size-full wp-image-33\" alt=\"TAX INCREASE \" src=\"https:\/\/i0.wp.com\/corptaxcare.com\/wp-content\/uploads\/2013\/09\/TAX-INCREASE-IMAGE.jpg?resize=533%2C662\" width=\"533\" height=\"662\" srcset=\"https:\/\/i0.wp.com\/corptaxcare.com\/wp-content\/uploads\/2013\/09\/TAX-INCREASE-IMAGE.jpg?w=533&amp;ssl=1 533w, https:\/\/i0.wp.com\/corptaxcare.com\/wp-content\/uploads\/2013\/09\/TAX-INCREASE-IMAGE.jpg?resize=241%2C300&amp;ssl=1 241w\" sizes=\"auto, (max-width: 533px) 100vw, 533px\" \/><\/a><\/p>\n<p align=\"center\">2013-2014 \u00a0USA,\u00a0 CAMBIO IMPUESTOS CORPORATIVOS<\/p>\n<p align=\"center\">Por Rafael Morel CPA MBA, 25 YRS TAX SERVE &amp; ONLINE<\/p>\n<p>El Presidente Obama quiere para el 2014\u00a0 una reducci\u00f3n\u00a0 en los impuestos a las\u00a0 grandes corporaciones y aumento en el pago de impuestos personales\u00a0 a\u00a0 los peque\u00f1os y medianos empresarios, empobreciendo mas la clase media. Las empresas grandes pagaran 12 por ciento menos que las empresas peque\u00f1as y medianas.<\/p>\n<p>La posici\u00f3n actual entre\u00a0 el Presidente Obama y el Congreso\u00a0 Republicano es la siguiente:<\/p>\n<p>&nbsp;<\/p>\n<p>&nbsp;<\/p>\n<p>PRESIDENTE OBAMA \u00a0 \u00a0 \u00a0 \u00a0 \u00a0 \u00a0 \u00a0 \u00a0 \u00a0 \u00a0 \u00a0 \u00a0 \u00a0 \u00a0 \u00a0 \u00a0 \u00a0 \u00a0 \u00a0 \u00a0 \u00a0 \u00a0 \u00a0 \u00a0CONGRESO REPUBLICANO<\/p>\n<p>&nbsp;<\/p>\n<p>Impuesto a\u00a0 Corporaci\u00f3n\u00a0\u00a0\u00a0\u00a0\u00a0\u00a0\u00a0\u00a0\u00a0\u00a0\u00a0 28 %\u00a0\u00a0\u00a0\u00a0\u00a0\u00a0\u00a0\u00a0\u00a0\u00a0\u00a0\u00a0\u00a0\u00a0\u00a0\u00a0\u00a0\u00a0\u00a0\u00a0\u00a0\u00a0\u00a0\u00a0\u00a0\u00a0\u00a0\u00a0\u00a0\u00a0\u00a0\u00a0\u00a0\u00a0\u00a0\u00a0\u00a0\u00a0\u00a0\u00a0\u00a0\u00a0\u00a0\u00a0\u00a0\u00a0 Menos 28%<\/p>\n<p>Corporaci\u00f3n en Manufactura\u00a0\u00a0\u00a0\u00a0\u00a0 25 %\u00a0\u00a0\u00a0\u00a0\u00a0\u00a0\u00a0\u00a0\u00a0\u00a0\u00a0\u00a0\u00a0\u00a0\u00a0\u00a0\u00a0\u00a0\u00a0\u00a0\u00a0\u00a0\u00a0\u00a0\u00a0\u00a0\u00a0\u00a0\u00a0\u00a0\u00a0\u00a0\u00a0\u00a0\u00a0\u00a0\u00a0\u00a0\u00a0\u00a0\u00a0\u00a0\u00a0\u00a0\u00a0\u00a0 Menos 25 %<\/p>\n<p>Impuesto Personal, hasta\u00a0\u00a0\u00a0\u00a0\u00a0\u00a0\u00a0\u00a0\u00a0\u00a0 43.4%\u00a0\u00a0\u00a0\u00a0\u00a0\u00a0\u00a0\u00a0\u00a0\u00a0\u00a0\u00a0\u00a0\u00a0\u00a0\u00a0\u00a0\u00a0\u00a0\u00a0\u00a0\u00a0\u00a0\u00a0\u00a0\u00a0\u00a0\u00a0\u00a0\u00a0\u00a0\u00a0\u00a0\u00a0\u00a0\u00a0\u00a0\u00a0 \u00a0\u00a0\u00a0\u00a0\u00a0\u00a0Menos 43.4 %<\/p>\n<p>Deducciones\u00a0 del Ingreso,<\/p>\n<p>Pagando menos\u00a0 impuestos\u00a0\u00a0\u00a0\u00a0\u00a0\u00a0\u00a0 Menores\u00a0\u00a0\u00a0\u00a0\u00a0\u00a0\u00a0\u00a0\u00a0\u00a0\u00a0\u00a0\u00a0\u00a0\u00a0\u00a0\u00a0\u00a0\u00a0\u00a0\u00a0\u00a0\u00a0\u00a0\u00a0\u00a0\u00a0\u00a0\u00a0\u00a0\u00a0\u00a0\u00a0\u00a0\u00a0\u00a0\u00a0\u00a0\u00a0\u00a0\u00a0\u00a0\u00a0 Mayores<\/p>\n<p>&nbsp;<\/p>\n<p>Cambi\u00f3\u00a0 la penalidad por no presentar la forma de impuesto corporativo de la corporaci\u00f3n tipo S, aumento en la administraci\u00f3n del\u00a0 Presidente Obama a $195.00 por mes por socios, hasta un m\u00e1ximo de $2,340.00 por due\u00f1o. Una corporaci\u00f3n tipo S\u00a0 con cinco due\u00f1os que no presente a tiempo las formas al IRS,\u00a0 incurre en multa\u00a0\u00a0 m\u00e1xima de $11,700.00, creando un peligro para los empresarios\u00a0 due\u00f1os de la corporaci\u00f3n tipo S.<\/p>\n<p>Este aumento en multas\u00a0 har\u00e1 que los peque\u00f1os y medianos empresarios elijan la corporaci\u00f3n C, pagando un m\u00ednimo de impuesto de aproximadamente un 30 por ciento hasta 58 por ciento.<\/p>\n<p>La acci\u00f3n inmediata es llamar a nuestro congresista\u00a0 AHORA para que favorezcan a los peque\u00f1os y medianos empresarios, los cuales son la m\u00e9dula de la econom\u00eda de EUA.<\/p>\n<p>Para su mejor reducci\u00f3n de impuestos, llame a Rafael Morel CPA PA donde su primera consulta es gratis.<\/p>\n","protected":false},"excerpt":{"rendered":"<p>\u00a0 2013-2014 \u00a0USA,\u00a0 CAMBIO IMPUESTOS CORPORATIVOS Por Rafael Morel CPA MBA, 25 YRS TAX SERVE &amp; ONLINE El Presidente Obama quiere para el 2014\u00a0 una reducci\u00f3n\u00a0 en los impuestos a las\u00a0 grandes corporaciones y aumento en el pago de impuestos personales\u00a0 a\u00a0 los peque\u00f1os y medianos empresarios, empobreciendo mas la clase media. Las empresas grandes [&hellip;]<\/p>\n","protected":false},"author":1,"featured_media":0,"parent":0,"menu_order":0,"comment_status":"open","ping_status":"open","template":"","meta":{"jetpack_post_was_ever_published":false,"footnotes":""},"class_list":["post-31","page","type-page","status-publish","hentry","entry"],"aioseo_notices":[],"jetpack_sharing_enabled":true,"jetpack_shortlink":"https:\/\/wp.me\/P6SaUp-v","jetpack-related-posts":[],"_links":{"self":[{"href":"https:\/\/corptaxcare.com\/index.php?rest_route=\/wp\/v2\/pages\/31","targetHints":{"allow":["GET"]}}],"collection":[{"href":"https:\/\/corptaxcare.com\/index.php?rest_route=\/wp\/v2\/pages"}],"about":[{"href":"https:\/\/corptaxcare.com\/index.php?rest_route=\/wp\/v2\/types\/page"}],"author":[{"embeddable":true,"href":"https:\/\/corptaxcare.com\/index.php?rest_route=\/wp\/v2\/users\/1"}],"replies":[{"embeddable":true,"href":"https:\/\/corptaxcare.com\/index.php?rest_route=%2Fwp%2Fv2%2Fcomments&post=31"}],"version-history":[{"count":4,"href":"https:\/\/corptaxcare.com\/index.php?rest_route=\/wp\/v2\/pages\/31\/revisions"}],"predecessor-version":[{"id":57,"href":"https:\/\/corptaxcare.com\/index.php?rest_route=\/wp\/v2\/pages\/31\/revisions\/57"}],"wp:attachment":[{"href":"https:\/\/corptaxcare.com\/index.php?rest_route=%2Fwp%2Fv2%2Fmedia&parent=31"}],"curies":[{"name":"wp","href":"https:\/\/api.w.org\/{rel}","templated":true}]}}