{"id":25,"date":"2013-01-01T16:51:27","date_gmt":"2013-01-01T16:51:27","guid":{"rendered":"http:\/\/corptaxcare.com\/?page_id=25"},"modified":"2013-01-01T16:51:27","modified_gmt":"2013-01-01T16:51:27","slug":"quien-gana-y-quien-pierde-en-acuerdo-income-tax-y-gastos","status":"publish","type":"page","link":"https:\/\/corptaxcare.com\/?page_id=25","title":{"rendered":"Quien Gana y Quien Pierde en Acuerdo Income Tax y Gastos"},"content":{"rendered":"<p align=\"center\">Quien Gana y Quien Pierde en Acuerdo Income Tax y Gastos<\/p>\n<p align=\"center\">(Por Rafael Morel CPA\u00a0 MBA, 786 252 2161)<\/p>\n<p>&nbsp;<\/p>\n<p>El acuerdo preliminar impuestos y gastos para evitar el precipicio fiscal del 2012 afectara la preparaci\u00f3n de su income tax, \u201cincome tax preparaci\u00f3n\u201d, \u00a0en el futuro.\u00a0 Las consecuencias pueden ser muchas y depender\u00e1 de la circunstancia \u00a0y fuentes de ingresos.\u00a0 A continuaci\u00f3n presentamos de forma preliminar quienes ser\u00e1n favorecidos y afectados con este acuerdo en la preparaci\u00f3n de su income tax.<\/p>\n<p>&nbsp;<\/p>\n<p>&nbsp;<\/p>\n<p>Quien Gana en la preparaci\u00f3n del income tax:<\/p>\n<p>&nbsp;<\/p>\n<ol start=\"1\">\n<li>Se mantienen los\u00a0 cr\u00e9ditos\u00a0 por dependientes menores, \u201cChild Tax Credit\u201d \u201c, cr\u00e9dito por trabajo y dependientes \u201cEarned Income Tax Credit y el cr\u00e9dito por estudio universitario \u201cCollege Tuition Tax Credit\u201d<\/li>\n<li>Se mantiene el beneficio adicional por desempleo por el 2013.<\/li>\n<li>El\u00a0 cr\u00e9dito a negocios por investigaci\u00f3n y experimentaci\u00f3n se mantiene por el 2013 al igual que el cr\u00e9dito a la producci\u00f3n\u00a0 \u201cResearch and Experimental Tax Credit and Production Tax Credit\u201d<\/li>\n<li>Correcci\u00f3n permanente al tax m\u00ednimo alterno \u201cAlternative Minimum Tax\u201d, el cual afectar\u00eda negativamente a 30 millones de contribuyentes.<\/li>\n<li>Impuesto a herencia tendr\u00e1 una excepci\u00f3n de 10 millones por pareja\u00a0 y un\u00a0 tax de 40 porciento sobre herencia.<\/li>\n<li>Elimina la reducci\u00f3n del 27 porciento en pago a doctores en los programas del Medicare \u201cDoc Fix\u201d<\/li>\n<li>La reducci\u00f3n autom\u00e1tica en gastos se congela por dos meses y se cambiara por reducciones en gastos e ingresos simult\u00e1neos.<\/li>\n<\/ol>\n<p>&nbsp;<\/p>\n<p>&nbsp;<\/p>\n<p>Quien Pierde en la preparaci\u00f3n del income tax\u201d<\/p>\n<p>&nbsp;<\/p>\n<ol start=\"1\">\n<li>Perdida de ingreso neto de 2.2 porciento sobre salarios e ingreso neto por trabajo personal en\u00a0 cantidad hasta\u00a0 $110.100.00 anual. Esto afectara a todo trabajador.<\/li>\n<li>Aumento a 39.6 porciento de un 35 porciento en ingreso mayor a $400,000.00 para individuo y de $450,000.00 para familia.<\/li>\n<li>Dividendos y ganancia de capital pagaran un income tax de 20 porciento para personas con ingreso sobre $400,000.00 y $450,000.00 para individuo y parejas.<\/li>\n<li>La excepci\u00f3n personal se elimina gradualmente empezando en salario\u00a0\u00a0 entre $250,000.00\u00a0 y\u00a0 $300,000.00<\/li>\n<\/ol>\n<p>&nbsp;<\/p>\n<p>&nbsp;<\/p>\n<p>Puede comunicarse con\u00a0 Rafael Morel CPA MBA al 786 252 2161 y <a href=\"mailto:morelcpa@hotmail.com\">morelcpa@hotmail.com<\/a>\u00a0\u00a0 para determinar\u00a0 como le afectara a Usted.<\/p>\n<p>&nbsp;<\/p>\n<p>&nbsp;<\/p>\n<p>P.S.\u00a0 Recuerde todav\u00eda esto no el un DONE DEAL OR DEAL DONE.\u00a0 Falta la aprobaci\u00f3n de los Representantes del Congreso de los Estados Unidos de America.<\/p>\n","protected":false},"excerpt":{"rendered":"<p>Quien Gana y Quien Pierde en Acuerdo Income Tax y Gastos (Por Rafael Morel CPA\u00a0 MBA, 786 252 2161) &nbsp; El acuerdo preliminar impuestos y gastos para evitar el precipicio fiscal del 2012 afectara la preparaci\u00f3n de su income tax, \u201cincome tax preparaci\u00f3n\u201d, \u00a0en el futuro.\u00a0 Las consecuencias pueden ser muchas y depender\u00e1 de la [&hellip;]<\/p>\n","protected":false},"author":1,"featured_media":0,"parent":0,"menu_order":0,"comment_status":"open","ping_status":"open","template":"","meta":{"jetpack_post_was_ever_published":false,"footnotes":""},"class_list":["post-25","page","type-page","status-publish","hentry","entry"],"aioseo_notices":[],"jetpack_sharing_enabled":true,"jetpack_shortlink":"https:\/\/wp.me\/P6SaUp-p","jetpack-related-posts":[],"_links":{"self":[{"href":"https:\/\/corptaxcare.com\/index.php?rest_route=\/wp\/v2\/pages\/25","targetHints":{"allow":["GET"]}}],"collection":[{"href":"https:\/\/corptaxcare.com\/index.php?rest_route=\/wp\/v2\/pages"}],"about":[{"href":"https:\/\/corptaxcare.com\/index.php?rest_route=\/wp\/v2\/types\/page"}],"author":[{"embeddable":true,"href":"https:\/\/corptaxcare.com\/index.php?rest_route=\/wp\/v2\/users\/1"}],"replies":[{"embeddable":true,"href":"https:\/\/corptaxcare.com\/index.php?rest_route=%2Fwp%2Fv2%2Fcomments&post=25"}],"version-history":[{"count":1,"href":"https:\/\/corptaxcare.com\/index.php?rest_route=\/wp\/v2\/pages\/25\/revisions"}],"predecessor-version":[{"id":26,"href":"https:\/\/corptaxcare.com\/index.php?rest_route=\/wp\/v2\/pages\/25\/revisions\/26"}],"wp:attachment":[{"href":"https:\/\/corptaxcare.com\/index.php?rest_route=%2Fwp%2Fv2%2Fmedia&parent=25"}],"curies":[{"name":"wp","href":"https:\/\/api.w.org\/{rel}","templated":true}]}}